{"id":76,"date":"2023-02-20T12:18:02","date_gmt":"2023-02-20T12:18:02","guid":{"rendered":"https:\/\/nevialab.com\/?page_id=76"},"modified":"2025-07-17T14:26:46","modified_gmt":"2025-07-17T13:26:46","slug":"kontakt","status":"publish","type":"page","link":"https:\/\/nevialab.com\/en\/kontakt\/","title":{"rendered":"Contact"},"content":{"rendered":"\n<hr class=\"wp-block-separator has-text-color has-cyan-bluish-gray-color has-alpha-channel-opacity has-cyan-bluish-gray-background-color has-background is-style-wide\"\/>\n\n\n\n<h5 class=\"wp-block-heading has-medium-font-size\" style=\"text-transform:none\">Neuronale Entwicklungsst\u00f6rungen und Sozial Interaktion Lab (NEVIA)<\/h5>\n\n\n\n<p class=\"has-small-font-size\">Klinikum der LMU M\u00fcnchen<br>Klinik und Poliklinik f\u00fcr Psychiatrie und Psychotherapie<br>Nussbaumstra\u00dfe 7<br>80336 M\u00fcnchen<\/p>\n\n\n\n<div class=\"wp-block-columns is-style-default has-small-font-size is-layout-flex wp-container-core-columns-is-layout-28f84493 wp-block-columns-is-layout-flex\" style=\"border-style:none;border-width:0px;border-radius:0px\">\n<div class=\"wp-block-column is-vertically-aligned-center is-layout-flow wp-block-column-is-layout-flow\">\n<ul class=\"wp-block-social-links alignleft has-normal-icon-size is-content-justification-right is-layout-flex wp-container-core-social-links-is-layout-d445cf74 wp-block-social-links-is-layout-flex\"><li class=\"wp-social-link wp-social-link-mail  wp-block-social-link\"><a href=\"mailto:&#112;&#115;y-&#110;e&#118;&#105;a&#064;me&#100;&#046;&#117;&#110;&#105;&#045;&#109;ue&#110;che&#110;.&#100;&#101;\" class=\"wp-block-social-link-anchor\"><svg width=\"24\" height=\"24\" viewBox=\"0 0 24 24\" version=\"1.1\" xmlns=\"http:\/\/www.w3.org\/2000\/svg\" aria-hidden=\"true\" focusable=\"false\"><path d=\"M19,5H5c-1.1,0-2,.9-2,2v10c0,1.1.9,2,2,2h14c1.1,0,2-.9,2-2V7c0-1.1-.9-2-2-2zm.5,12c0,.3-.2.5-.5.5H5c-.3,0-.5-.2-.5-.5V9.8l7.5,5.6,7.5-5.6V17zm0-9.1L12,13.6,4.5,7.9V7c0-.3.2-.5.5-.5h14c.3,0,.5.2.5.5v.9z\"><\/path><\/svg><span class=\"wp-block-social-link-label screen-reader-text\">Mail<\/span><\/a><\/li><\/ul>\n<\/div>\n<\/div>\n\n\n\t\t<div\n            id=\"wpmapblock_64eae98e\"\n            data-settings='{&quot;map_marker&quot;:[{&quot;lat&quot;:&quot;48.13243975&quot;,&quot;lng&quot;:&quot;11.558830124929674&quot;,&quot;title&quot;:&quot;&quot;,&quot;content&quot;:&quot;&quot;,&quot;iconType&quot;:&quot;default&quot;,&quot;customIconUrl&quot;:&quot;&quot;,&quot;customIconWidth&quot;:&quot;25&quot;,&quot;customIconHeight&quot;:&quot;40&quot;}],&quot;map_zoom&quot;:&quot;16&quot;,&quot;scroll_wheel_zoom&quot;:false,&quot;map_type&quot;:&quot;GM&quot;,&quot;center_index&quot;:0}'\n            class=\"wpmapblockrender\"\n            style=\"\n\t\t\twidth: 99%;\n\t\t\theight: 500px;\n\t\t\"\n            >\n        <\/div>\n        ","protected":false},"excerpt":{"rendered":"<p>Neuronale Entwicklungsst\u00f6rungen und Sozial Interaktion Lab (NEVIA) Klinikum der LMU M\u00fcnchenKlinik und Poliklinik f\u00fcr Psychiatrie und PsychotherapieNussbaumstra\u00dfe 780336 M\u00fcnchen<\/p>","protected":false},"author":1,"featured_media":0,"parent":0,"menu_order":5,"comment_status":"closed","ping_status":"closed","template":"","meta":{"footnotes":""},"class_list":["post-76","page","type-page","status-publish","hentry"],"_links":{"self":[{"href":"https:\/\/nevialab.com\/en\/wp-json\/wp\/v2\/pages\/76","targetHints":{"allow":["GET"]}}],"collection":[{"href":"https:\/\/nevialab.com\/en\/wp-json\/wp\/v2\/pages"}],"about":[{"href":"https:\/\/nevialab.com\/en\/wp-json\/wp\/v2\/types\/page"}],"author":[{"embeddable":true,"href":"https:\/\/nevialab.com\/en\/wp-json\/wp\/v2\/users\/1"}],"replies":[{"embeddable":true,"href":"https:\/\/nevialab.com\/en\/wp-json\/wp\/v2\/comments?post=76"}],"version-history":[{"count":16,"href":"https:\/\/nevialab.com\/en\/wp-json\/wp\/v2\/pages\/76\/revisions"}],"predecessor-version":[{"id":1234,"href":"https:\/\/nevialab.com\/en\/wp-json\/wp\/v2\/pages\/76\/revisions\/1234"}],"wp:attachment":[{"href":"https:\/\/nevialab.com\/en\/wp-json\/wp\/v2\/media?parent=76"}],"curies":[{"name":"wp","href":"https:\/\/api.w.org\/{rel}","templated":true}]}}