{"id":2,"date":"2023-02-20T11:17:39","date_gmt":"2023-02-20T11:17:39","guid":{"rendered":"http:\/\/nevialab.com\/?page_id=2"},"modified":"2025-09-01T12:23:12","modified_gmt":"2025-09-01T11:23:12","slug":"sample-page","status":"publish","type":"page","link":"https:\/\/nevialab.com\/en\/","title":{"rendered":""},"content":{"rendered":"<h2 class=\"wp-block-heading has-text-align-center has-x-large-font-size\">Welcome to the NEVIA Website!<\/h2>\n\n\n\n<p class=\"has-text-align-center has-tertiary-background-color has-background\">NEVIA is our research group at the Department of Psychiatry and Psychotherapy of LMU Munich and provides an interdisciplinary platform for various research activities in the field of neurodevelopmental disorders and social interactions.<br><br><a href=\"https:\/\/www.lmu-klinikum.de\/psychiatrie-und-psychotherapie\/forschung-research\/working-groups\/neurodevelopmental-disorders\/21c7cc81f20c26df\" target=\"_blank\" rel=\"noreferrer noopener\">Here<\/a>&nbsp;you can find our institutional website.<\/p>\n\n\n\n<p><\/p>","protected":false},"excerpt":{"rendered":"<p>Willkommen auf der NEVIA Webseite! NEVIA ist unsere Forschungsgruppe an der&nbsp;Klinik f\u00fcr Psychiatrie und Psychotherapie&nbsp;der LMU M\u00fcnchen und bietet eine interdisziplin\u00e4re Plattform f\u00fcr diverse Forschungsaktivit\u00e4ten im Bereich der neurologischen Entwicklungsst\u00f6rungen und sozialen Interaktionen. Hier&nbsp;finden Sie auch unsere institutionelle Website.<\/p>","protected":false},"author":1,"featured_media":0,"parent":0,"menu_order":0,"comment_status":"closed","ping_status":"open","template":"","meta":{"footnotes":""},"class_list":["post-2","page","type-page","status-publish","hentry"],"_links":{"self":[{"href":"https:\/\/nevialab.com\/en\/wp-json\/wp\/v2\/pages\/2","targetHints":{"allow":["GET"]}}],"collection":[{"href":"https:\/\/nevialab.com\/en\/wp-json\/wp\/v2\/pages"}],"about":[{"href":"https:\/\/nevialab.com\/en\/wp-json\/wp\/v2\/types\/page"}],"author":[{"embeddable":true,"href":"https:\/\/nevialab.com\/en\/wp-json\/wp\/v2\/users\/1"}],"replies":[{"embeddable":true,"href":"https:\/\/nevialab.com\/en\/wp-json\/wp\/v2\/comments?post=2"}],"version-history":[{"count":41,"href":"https:\/\/nevialab.com\/en\/wp-json\/wp\/v2\/pages\/2\/revisions"}],"predecessor-version":[{"id":1276,"href":"https:\/\/nevialab.com\/en\/wp-json\/wp\/v2\/pages\/2\/revisions\/1276"}],"wp:attachment":[{"href":"https:\/\/nevialab.com\/en\/wp-json\/wp\/v2\/media?parent=2"}],"curies":[{"name":"wp","href":"https:\/\/api.w.org\/{rel}","templated":true}]}}